{"id":126,"date":"2020-05-01T15:51:50","date_gmt":"2020-05-01T15:51:50","guid":{"rendered":"https:\/\/kiroma.be\/?page_id=126"},"modified":"2022-05-05T21:27:23","modified_gmt":"2022-05-05T21:27:23","slug":"formation","status":"publish","type":"page","link":"https:\/\/patricia-forton.be\/?page_id=126","title":{"rendered":"Formation"},"content":{"rendered":"<p>[et_pb_section fb_built=\u00a0\u00bb1&Prime; admin_label=\u00a0\u00bbHeader\u00a0\u00bb _builder_version=\u00a0\u00bb4.4.5&Prime; use_background_color_gradient=\u00a0\u00bbon\u00a0\u00bb background_color_gradient_start=\u00a0\u00bbrgba(255,255,255,0.89)\u00a0\u00bb background_color_gradient_end=\u00a0\u00bbrgba(255,255,255,0)\u00a0\u00bb background_color_gradient_type=\u00a0\u00bbradial\u00a0\u00bb background_color_gradient_direction_radial=\u00a0\u00bbtop left\u00a0\u00bb background_color_gradient_start_position=\u00a0\u00bb30%\u00a0\u00bb background_color_gradient_end_position=\u00a0\u00bb80%\u00a0\u00bb background_color_gradient_overlays_image=\u00a0\u00bbon\u00a0\u00bb background_image=\u00a0\u00bbhttps:\/\/kiroma.be\/wp-content\/uploads\/2020\/04\/chiropractor-09.jpg\u00a0\u00bb custom_margin=\u00a0\u00bb|||\u00a0\u00bb custom_padding=\u00a0\u00bb8vw|0px|4vw|0px|false|false\u00a0\u00bb locked=\u00a0\u00bboff\u00a0\u00bb global_colors_info=\u00a0\u00bb{}\u00a0\u00bb][et_pb_row _builder_version=\u00a0\u00bb3.25&Prime; global_colors_info=\u00a0\u00bb{}\u00a0\u00bb][et_pb_column type=\u00a0\u00bb4_4&Prime; _builder_version=\u00a0\u00bb3.25&Prime; custom_padding=\u00a0\u00bb|||\u00a0\u00bb global_colors_info=\u00a0\u00bb{}\u00a0\u00bb custom_padding__hover=\u00a0\u00bb|||\u00a0\u00bb][et_pb_text _builder_version=\u00a0\u00bb3.27.4&Prime; text_font=\u00a0\u00bb||||||||\u00a0\u00bb header_font=\u00a0\u00bbRaleway|700|||||||\u00a0\u00bb header_font_size=\u00a0\u00bb80px\u00a0\u00bb header_line_height=\u00a0\u00bb1.2em\u00a0\u00bb header_5_font=\u00a0\u00bbRaleway|700||on|||||\u00a0\u00bb header_5_text_color=\u00a0\u00bb#000000&Prime; header_5_font_size=\u00a0\u00bb20px\u00a0\u00bb header_5_letter_spacing=\u00a0\u00bb0.5em\u00a0\u00bb header_5_line_height=\u00a0\u00bb1.8em\u00a0\u00bb animation_style=\u00a0\u00bbzoom\u00a0\u00bb animation_intensity_zoom=\u00a0\u00bb5%\u00a0\u00bb header_font_size_tablet=\u00a0\u00bb48px\u00a0\u00bb header_font_size_phone=\u00a0\u00bb32px\u00a0\u00bb header_font_size_last_edited=\u00a0\u00bbon|phone\u00a0\u00bb header_5_font_size_tablet=\u00a0\u00bb14px\u00a0\u00bb header_5_font_size_phone=\u00a0\u00bb12px\u00a0\u00bb header_5_font_size_last_edited=\u00a0\u00bbon|desktop\u00a0\u00bb global_colors_info=\u00a0\u00bb{}\u00a0\u00bb]<\/p>\n<h5><\/h5>\n<h1>Formations<\/h1>\n<p>[\/et_pb_text][\/et_pb_column][\/et_pb_row][\/et_pb_section][et_pb_section fb_built=\u00a0\u00bb1&Prime; admin_label=\u00a0\u00bbAmenities\u00a0\u00bb _builder_version=\u00a0\u00bb4.4.5&Prime; background_color=\u00a0\u00bb#ffffff\u00a0\u00bb max_width=\u00a0\u00bb90%\u00a0\u00bb max_width_tablet=\u00a0\u00bb\u00a0\u00bb max_width_phone=\u00a0\u00bb100%\u00a0\u00bb max_width_last_edited=\u00a0\u00bbon|phone\u00a0\u00bb custom_margin=\u00a0\u00bb0px||||false|false\u00a0\u00bb border_color_all=\u00a0\u00bb#ffffff\u00a0\u00bb border_width_left=\u00a0\u00bb10vw\u00a0\u00bb locked=\u00a0\u00bboff\u00a0\u00bb global_colors_info=\u00a0\u00bb{}\u00a0\u00bb][et_pb_row _builder_version=\u00a0\u00bb3.25&Prime; custom_margin=\u00a0\u00bb||60px|\u00a0\u00bb locked=\u00a0\u00bboff\u00a0\u00bb global_colors_info=\u00a0\u00bb{}\u00a0\u00bb][et_pb_column type=\u00a0\u00bb4_4&Prime; _builder_version=\u00a0\u00bb3.25&Prime; custom_padding=\u00a0\u00bb|||\u00a0\u00bb global_colors_info=\u00a0\u00bb{}\u00a0\u00bb custom_padding__hover=\u00a0\u00bb|||\u00a0\u00bb][et_pb_image src=\u00a0\u00bbhttps:\/\/kiroma.be\/wp-content\/uploads\/2020\/05\/kiroma_profil-e1588338564681.jpg\u00a0\u00bb title_text=\u00a0\u00bbkiroma_profil\u00a0\u00bb align_tablet=\u00a0\u00bbcenter\u00a0\u00bb align_phone=\u00a0\u00bb\u00a0\u00bb align_last_edited=\u00a0\u00bbon|desktop\u00a0\u00bb _builder_version=\u00a0\u00bb4.4.5&Prime; max_width=\u00a0\u00bb300px\u00a0\u00bb module_alignment=\u00a0\u00bbcenter\u00a0\u00bb border_radii=\u00a0\u00bbon|100%|100%|100%|100%\u00a0\u00bb global_colors_info=\u00a0\u00bb{}\u00a0\u00bb][\/et_pb_image][et_pb_text _builder_version=\u00a0\u00bb4.4.5&Prime; text_font=\u00a0\u00bb||||||||\u00a0\u00bb text_font_size=\u00a0\u00bb16px\u00a0\u00bb text_line_height=\u00a0\u00bb2em\u00a0\u00bb header_font=\u00a0\u00bb||||||||\u00a0\u00bb header_2_font=\u00a0\u00bbRaleway|700|||||||\u00a0\u00bb header_2_font_size=\u00a0\u00bb50px\u00a0\u00bb header_2_line_height=\u00a0\u00bb1.2em\u00a0\u00bb header_6_font=\u00a0\u00bbRaleway|700||on|||||\u00a0\u00bb header_6_font_size=\u00a0\u00bb16px\u00a0\u00bb header_6_letter_spacing=\u00a0\u00bb5px\u00a0\u00bb header_6_line_height=\u00a0\u00bb1.8em\u00a0\u00bb text_orientation=\u00a0\u00bbcenter\u00a0\u00bb max_width=\u00a0\u00bb700px\u00a0\u00bb module_alignment=\u00a0\u00bbcenter\u00a0\u00bb header_2_font_size_tablet=\u00a0\u00bb35px\u00a0\u00bb header_2_font_size_phone=\u00a0\u00bb25px\u00a0\u00bb header_2_font_size_last_edited=\u00a0\u00bbon|phone\u00a0\u00bb global_colors_info=\u00a0\u00bb{}\u00a0\u00bb]<\/p>\n<h6><\/h6>\n<h2>Patricia Forton<\/h2>\n<p><span>Licenci\u00e9e en kin\u00e9sith\u00e9rapie, dipl\u00f4m\u00e9e de l\u2019UCL en p\u00e9rin\u00e9ologie, form\u00e9e en r\u00e9\u00e9ducation posturo-globale et sans cesse \u00e0 la recherche d\u2019am\u00e9liorer les traitements apport\u00e9s \u00e0 mes patients c\u2019est naturellement vers l\u2019ost\u00e9opathie que je me suis ainsi tourn\u00e9e.<\/span><\/p>\n<p><span>Ost\u00e9opathe D.O et convaincue que notre corps forme une entit\u00e9 indissociable, j\u2019utiliserai des techniques vari\u00e9es qu\u2019elles soient pari\u00e9tales, visc\u00e9rales ou cr\u00e2niennes, tant\u00f4t structurelles ou fonctionnelles en fonction de votre besoin sp\u00e9cifique au moment de la consultation.<\/span><\/p>\n<p>[\/et_pb_text][\/et_pb_column][\/et_pb_row][et_pb_row _builder_version=\u00a0\u00bb4.4.5&Prime; global_colors_info=\u00a0\u00bb{}\u00a0\u00bb][et_pb_column type=\u00a0\u00bb4_4&Prime; _builder_version=\u00a0\u00bb4.4.5&Prime; global_colors_info=\u00a0\u00bb{}\u00a0\u00bb][et_pb_text _builder_version=\u00a0\u00bb4.4.5&Prime; global_colors_info=\u00a0\u00bb{}\u00a0\u00bb]<\/p>\n<h1 style=\"text-align: center;\">Formation continue<\/h1>\n<p style=\"text-align: center;\">Parce qu\u2019il faut pouvoir s\u2019adapter, \u00e9voluer au cours du temps, je participe r\u00e9guli\u00e8rement \u00e0 des formations continues\u00a0<\/p>\n<p style=\"text-align: center;\">[\/et_pb_text][\/et_pb_column][\/et_pb_row][et_pb_row column_structure=\u00a0\u00bb1_3,1_3,1_3&Prime; _builder_version=\u00a0\u00bb3.25&Prime; global_colors_info=\u00a0\u00bb{}\u00a0\u00bb][et_pb_column type=\u00a0\u00bb1_3&Prime; _builder_version=\u00a0\u00bb3.25&Prime; custom_padding=\u00a0\u00bb|||\u00a0\u00bb global_colors_info=\u00a0\u00bb{}\u00a0\u00bb custom_padding__hover=\u00a0\u00bb|||\u00a0\u00bb][et_pb_blurb title=\u00a0\u00bbOst\u00e9opathie p\u00e9diatrique\u00a0\u00bb _builder_version=\u00a0\u00bb4.13.0&Prime; header_level=\u00a0\u00bbh5&Prime; header_font=\u00a0\u00bbRaleway|700|||||||\u00a0\u00bb header_text_align=\u00a0\u00bbcenter\u00a0\u00bb header_font_size=\u00a0\u00bb20px\u00a0\u00bb header_line_height=\u00a0\u00bb1.2em\u00a0\u00bb body_font=\u00a0\u00bb||||||||\u00a0\u00bb body_line_height=\u00a0\u00bb2em\u00a0\u00bb background_color=\u00a0\u00bbrgba(157,165,211,0.25)\u00a0\u00bb custom_margin=\u00a0\u00bb||||false|false\u00a0\u00bb custom_padding=\u00a0\u00bb10px|10px|10px|10px|false|false\u00a0\u00bb box_shadow_style=\u00a0\u00bbpreset2&Prime; global_colors_info=\u00a0\u00bb{}\u00a0\u00bb]<\/p>\n<p style=\"text-align: left;\">Diplom\u00e9e de l\u2019Ecole Sup\u00e9rieure d\u2019Ost\u00e9opathie \u00e0 paris en ost\u00e9opathie p\u00e9diatrique<\/p>\n<p>[\/et_pb_blurb][et_pb_blurb title=\u00a0\u00bbTechniques fonctionnelles\u00a0\u00bb _builder_version=\u00a0\u00bb4.13.0&Prime; header_level=\u00a0\u00bbh5&Prime; header_font=\u00a0\u00bbRaleway|700|||||||\u00a0\u00bb header_text_align=\u00a0\u00bbcenter\u00a0\u00bb header_font_size=\u00a0\u00bb20px\u00a0\u00bb header_line_height=\u00a0\u00bb1.2em\u00a0\u00bb body_font=\u00a0\u00bb||||||||\u00a0\u00bb body_line_height=\u00a0\u00bb2em\u00a0\u00bb background_color=\u00a0\u00bbrgba(157,165,211,0.25)\u00a0\u00bb custom_margin=\u00a0\u00bb||||false|false\u00a0\u00bb custom_padding=\u00a0\u00bb10px|10px|10px|10px|false|false\u00a0\u00bb box_shadow_style=\u00a0\u00bbpreset2&Prime; global_colors_info=\u00a0\u00bb{}\u00a0\u00bb]<\/p>\n<p style=\"text-align: left;\">\u00ab\u00a0Techniques fonctionnelles\u00a0\u00bb par Marie-Caroline Willi\u00e8me (centre Haptis)<\/p>\n<p>[\/et_pb_blurb][et_pb_blurb title=\u00a0\u00bbTechniques structurelles\u00a0\u00bb _builder_version=\u00a0\u00bb4.13.0&Prime; header_level=\u00a0\u00bbh5&Prime; header_font=\u00a0\u00bbRaleway|700|||||||\u00a0\u00bb header_text_align=\u00a0\u00bbcenter\u00a0\u00bb header_font_size=\u00a0\u00bb20px\u00a0\u00bb header_line_height=\u00a0\u00bb1.2em\u00a0\u00bb body_font=\u00a0\u00bb||||||||\u00a0\u00bb body_line_height=\u00a0\u00bb2em\u00a0\u00bb background_color=\u00a0\u00bbrgba(157,165,211,0.25)\u00a0\u00bb custom_margin=\u00a0\u00bb||||false|false\u00a0\u00bb custom_padding=\u00a0\u00bb10px|10px|10px|10px|false|false\u00a0\u00bb box_shadow_style=\u00a0\u00bbpreset2&Prime; global_colors_info=\u00a0\u00bb{}\u00a0\u00bb]<\/p>\n<p style=\"text-align: left;\"><span>\u00a0<\/span><span>\u00ab\u00a0Pratique Orient\u00e9e par les Preuves Scientifiques : les Techniques Manipulatives Rachidiennes en Leviers Minimums\u00a0\u00bb (IAO)<\/span><\/p>\n<p>[\/et_pb_blurb][et_pb_blurb title=\u00a0\u00bbTechniques structurelles tissulaires\u00a0\u00bb _builder_version=\u00a0\u00bb4.13.0&Prime; header_level=\u00a0\u00bbh5&Prime; header_font=\u00a0\u00bbRaleway|700|||||||\u00a0\u00bb header_text_align=\u00a0\u00bbcenter\u00a0\u00bb header_font_size=\u00a0\u00bb20px\u00a0\u00bb header_line_height=\u00a0\u00bb1.2em\u00a0\u00bb body_font=\u00a0\u00bb||||||||\u00a0\u00bb body_line_height=\u00a0\u00bb2em\u00a0\u00bb background_color=\u00a0\u00bbrgba(157,165,211,0.25)\u00a0\u00bb custom_margin=\u00a0\u00bb||||false|false\u00a0\u00bb custom_padding=\u00a0\u00bb10px|10px|10px|10px|false|false\u00a0\u00bb box_shadow_style=\u00a0\u00bbpreset2&Prime; global_colors_info=\u00a0\u00bb{}\u00a0\u00bb]<\/p>\n<p style=\"text-align: left;\"><span>\u00a0<\/span><span>\u00abApproche compl\u00e8te de la r\u00e9gion lombo-sacr\u00e9e \u00bb par David Lachaize (ost\u00e9opathie-continue)<\/span><\/p>\n<p>[\/et_pb_blurb][et_pb_blurb title=\u00a0\u00bbTechnique structurale intra conjonctive\u00a0\u00bb _builder_version=\u00a0\u00bb4.13.0&Prime; header_level=\u00a0\u00bbh5&Prime; header_font=\u00a0\u00bbRaleway|700|||||||\u00a0\u00bb header_text_align=\u00a0\u00bbcenter\u00a0\u00bb header_font_size=\u00a0\u00bb20px\u00a0\u00bb header_line_height=\u00a0\u00bb1.2em\u00a0\u00bb body_font=\u00a0\u00bb||||||||\u00a0\u00bb body_line_height=\u00a0\u00bb2em\u00a0\u00bb background_color=\u00a0\u00bbrgba(157,165,211,0.25)\u00a0\u00bb custom_margin=\u00a0\u00bb||||false|false\u00a0\u00bb custom_padding=\u00a0\u00bb10px|10px|10px|10px|false|false\u00a0\u00bb box_shadow_style=\u00a0\u00bbpreset2&Prime; global_colors_info=\u00a0\u00bb{}\u00a0\u00bb]<\/p>\n<p style=\"text-align: left;\"><span>\u00a0<\/span><span>\u00ab Osteopathie structurale intra-conjonctive &#8211; le Thrust lent \u00bb par <\/span>Gilles Boud\u00e9hen <span>(ost\u00e9opathie-continue)<\/span><\/p>\n<p>[\/et_pb_blurb][\/et_pb_column][et_pb_column type=\u00a0\u00bb1_3&Prime; _builder_version=\u00a0\u00bb3.25&Prime; custom_padding=\u00a0\u00bb|||\u00a0\u00bb global_colors_info=\u00a0\u00bb{}\u00a0\u00bb custom_padding__hover=\u00a0\u00bb|||\u00a0\u00bb][et_pb_blurb title=\u00a0\u00bbOst\u00e9opathie p\u00e9diatrique\u00a0\u00bb _builder_version=\u00a0\u00bb4.13.0&Prime; header_level=\u00a0\u00bbh5&Prime; header_font=\u00a0\u00bbRaleway|700|||||||\u00a0\u00bb header_text_align=\u00a0\u00bbcenter\u00a0\u00bb header_font_size=\u00a0\u00bb20px\u00a0\u00bb header_line_height=\u00a0\u00bb1.2em\u00a0\u00bb body_font=\u00a0\u00bb||||||||\u00a0\u00bb body_line_height=\u00a0\u00bb2em\u00a0\u00bb background_color=\u00a0\u00bbrgba(157,165,211,0.25)\u00a0\u00bb custom_margin=\u00a0\u00bb||||false|false\u00a0\u00bb custom_padding=\u00a0\u00bb10px|10px|10px|10px|false|false\u00a0\u00bb box_shadow_style=\u00a0\u00bbpreset2&Prime; global_colors_info=\u00a0\u00bb{}\u00a0\u00bb]<\/p>\n<p style=\"text-align: left;\">Form\u00e9e au niveau 1 et 2 par Marie-caroline Willi\u00e8me (scom + centre Haptis)<\/p>\n<p>[\/et_pb_blurb][et_pb_blurb title=\u00a0\u00bbTechniques structurelles\u00a0\u00bb _builder_version=\u00a0\u00bb4.13.0&Prime; header_level=\u00a0\u00bbh5&Prime; header_font=\u00a0\u00bbRaleway|700|||||||\u00a0\u00bb header_text_align=\u00a0\u00bbcenter\u00a0\u00bb header_font_size=\u00a0\u00bb20px\u00a0\u00bb header_line_height=\u00a0\u00bb1.2em\u00a0\u00bb body_font=\u00a0\u00bb||||||||\u00a0\u00bb body_line_height=\u00a0\u00bb2em\u00a0\u00bb background_color=\u00a0\u00bbrgba(157,165,211,0.25)\u00a0\u00bb custom_margin=\u00a0\u00bb||||false|false\u00a0\u00bb custom_padding=\u00a0\u00bb10px|10px|10px|10px|false|false\u00a0\u00bb box_shadow_style=\u00a0\u00bbpreset2&Prime; global_colors_info=\u00a0\u00bb{}\u00a0\u00bb]<\/p>\n<p style=\"text-align: left;\">\u00ab\u00a0Techniques structurelles sur le Sacrum\u00a0\u00bb par Olivier Pireaux (osteopathie-continue)<\/p>\n<p>[\/et_pb_blurb][et_pb_blurb title=\u00a0\u00bbKinesiotape\u00a0\u00bb _builder_version=\u00a0\u00bb4.13.0&Prime; header_level=\u00a0\u00bbh5&Prime; header_font=\u00a0\u00bbRaleway|700|||||||\u00a0\u00bb header_text_align=\u00a0\u00bbcenter\u00a0\u00bb header_font_size=\u00a0\u00bb20px\u00a0\u00bb header_line_height=\u00a0\u00bb1.2em\u00a0\u00bb body_font=\u00a0\u00bb||||||||\u00a0\u00bb body_line_height=\u00a0\u00bb2em\u00a0\u00bb background_color=\u00a0\u00bbrgba(157,165,211,0.25)\u00a0\u00bb custom_margin=\u00a0\u00bb||||false|false\u00a0\u00bb custom_padding=\u00a0\u00bb10px|10px|10px|10px|false|false\u00a0\u00bb box_shadow_style=\u00a0\u00bbpreset2&Prime; global_colors_info=\u00a0\u00bb{}\u00a0\u00bb]<\/p>\n<p style=\"text-align: left;\"><span>\u00ab\u00a0Concept de Taping M\u00e9dical\u00a0\u00bb par David Colman (Physiotape International Academy)<\/span><\/p>\n<p>[\/et_pb_blurb][et_pb_blurb title=\u00a0\u00bbOst\u00e9opathie p\u00e9diatrique\u00a0\u00bb _builder_version=\u00a0\u00bb4.13.0&Prime; header_level=\u00a0\u00bbh5&Prime; header_font=\u00a0\u00bbRaleway|700|||||||\u00a0\u00bb header_text_align=\u00a0\u00bbcenter\u00a0\u00bb header_font_size=\u00a0\u00bb20px\u00a0\u00bb header_line_height=\u00a0\u00bb1.2em\u00a0\u00bb body_font=\u00a0\u00bb||||||||\u00a0\u00bb body_line_height=\u00a0\u00bb2em\u00a0\u00bb background_color=\u00a0\u00bbrgba(157,165,211,0.25)\u00a0\u00bb custom_margin=\u00a0\u00bb||||false|false\u00a0\u00bb custom_padding=\u00a0\u00bb10px|10px|10px|10px|false|false\u00a0\u00bb box_shadow_style=\u00a0\u00bbpreset2&Prime; global_colors_info=\u00a0\u00bb{}\u00a0\u00bb]<\/p>\n<p><span>\u00ab\u00a0Approche rationnelle des plagioc\u00e9phalies chez le nourisson\u00a0\u00bb par Nicolas Segers (IAO)<\/span><\/p>\n<p><span><\/span><\/p>\n<p><span><\/span><\/p>\n<p>[\/et_pb_blurb][et_pb_blurb title=\u00a0\u00bbTechnique de prise en charge de l\u2019aigu\u00a0\u00bb _builder_version=\u00a0\u00bb4.13.0&Prime; header_level=\u00a0\u00bbh5&Prime; header_font=\u00a0\u00bbRaleway|700|||||||\u00a0\u00bb header_text_align=\u00a0\u00bbcenter\u00a0\u00bb header_font_size=\u00a0\u00bb20px\u00a0\u00bb header_line_height=\u00a0\u00bb1.2em\u00a0\u00bb body_font=\u00a0\u00bb||||||||\u00a0\u00bb body_line_height=\u00a0\u00bb2em\u00a0\u00bb background_color=\u00a0\u00bbrgba(157,165,211,0.25)\u00a0\u00bb custom_margin=\u00a0\u00bb||||false|false\u00a0\u00bb custom_padding=\u00a0\u00bb10px|10px|10px|10px|false|false\u00a0\u00bb box_shadow_style=\u00a0\u00bbpreset2&Prime; global_colors_info=\u00a0\u00bb{}\u00a0\u00bb]<\/p>\n<p style=\"text-align: left;\">\u00ab <span>Approches cliniques des situations de douleurs aigu\u00ebs, rachidiennes, locales ou irradi\u00e9es<\/span> \u00bb par <span>Thierry Colot et Yves Lepers<\/span> (SCOM)<\/p>\n<p>[\/et_pb_blurb][\/et_pb_column][et_pb_column type=\u00a0\u00bb1_3&Prime; _builder_version=\u00a0\u00bb3.25&Prime; custom_padding=\u00a0\u00bb|||\u00a0\u00bb global_colors_info=\u00a0\u00bb{}\u00a0\u00bb custom_padding__hover=\u00a0\u00bb|||\u00a0\u00bb][et_pb_blurb title=\u00a0\u00bbGrossesse et post partum \u00a0\u00bb _builder_version=\u00a0\u00bb4.13.0&Prime; header_level=\u00a0\u00bbh5&Prime; header_font=\u00a0\u00bbRaleway|700|||||||\u00a0\u00bb header_text_align=\u00a0\u00bbcenter\u00a0\u00bb header_font_size=\u00a0\u00bb20px\u00a0\u00bb header_line_height=\u00a0\u00bb1.2em\u00a0\u00bb body_font=\u00a0\u00bb||||||||\u00a0\u00bb body_line_height=\u00a0\u00bb2em\u00a0\u00bb background_color=\u00a0\u00bbrgba(157,165,211,0.25)\u00a0\u00bb custom_margin=\u00a0\u00bb||||false|false\u00a0\u00bb custom_padding=\u00a0\u00bb10px|10px|10px|10px|false|false\u00a0\u00bb box_shadow_style=\u00a0\u00bbpreset2&Prime; global_colors_info=\u00a0\u00bb{}\u00a0\u00bb]<\/p>\n<p><span>\u00ab\u00a0Grossesse et post partum\u00a0\u00bb par Marie-Caroline Willi\u00e8me (centre Haptis)<\/span><\/p>\n<p>[\/et_pb_blurb][et_pb_blurb title=\u00a0\u00bbAromath\u00e9rapie\u00a0\u00bb _builder_version=\u00a0\u00bb4.13.0&Prime; header_level=\u00a0\u00bbh5&Prime; header_font=\u00a0\u00bbRaleway|700|||||||\u00a0\u00bb header_text_align=\u00a0\u00bbcenter\u00a0\u00bb header_font_size=\u00a0\u00bb20px\u00a0\u00bb header_line_height=\u00a0\u00bb1.2em\u00a0\u00bb body_font=\u00a0\u00bb||||||||\u00a0\u00bb body_line_height=\u00a0\u00bb2em\u00a0\u00bb background_color=\u00a0\u00bbrgba(157,165,211,0.25)\u00a0\u00bb custom_margin=\u00a0\u00bb||||false|false\u00a0\u00bb custom_padding=\u00a0\u00bb10px|10px|10px|10px|false|false\u00a0\u00bb box_shadow_style=\u00a0\u00bbpreset2&Prime; global_colors_info=\u00a0\u00bb{}\u00a0\u00bb]<\/p>\n<p style=\"text-align: left;\">\u00ab\u00a0Pour une utilisation raisonn\u00e9e des huiles essentielles chez les enfants, la femme enceinte et allaitante\u00a0\u00bb,<br \/>\n\u00ab L\u2019essentiel des anti-infectieuses\u00a0\u00bb,<br \/>\n\u00ab les essentielles de la sph\u00e8re cutan\u00e9e \u00bb,<br \/>\n\u00ab les essentielles de la sph\u00e8re digestive \u00bb,<br \/>\n\u00ab les essentielles de la sph\u00e8re locomotrice \u00bb,<br \/>\n\u00ab les essentielles de la sph\u00e8re ORL \u00bb<\npar\u00a0Isabelle Defrance<\/p>\n<p>[\/et_pb_blurb][et_pb_blurb title=\u00a0\u00bbGyn\u00e9cologie et p\u00e9rinatalit\u00e9\u00a0\u00bb _builder_version=\u00a0\u00bb4.13.0&Prime; header_level=\u00a0\u00bbh5&Prime; header_font=\u00a0\u00bbRaleway|700|||||||\u00a0\u00bb header_text_align=\u00a0\u00bbcenter\u00a0\u00bb header_font_size=\u00a0\u00bb20px\u00a0\u00bb header_line_height=\u00a0\u00bb1.2em\u00a0\u00bb body_font=\u00a0\u00bb||||||||\u00a0\u00bb body_line_height=\u00a0\u00bb2em\u00a0\u00bb background_color=\u00a0\u00bbrgba(157,165,211,0.25)\u00a0\u00bb custom_margin=\u00a0\u00bb||||false|false\u00a0\u00bb custom_padding=\u00a0\u00bb10px|10px|10px|10px|false|false\u00a0\u00bb box_shadow_style=\u00a0\u00bbpreset2&Prime; global_colors_info=\u00a0\u00bb{}\u00a0\u00bb]<\/p>\n<p><span>\u00ab\u00a0Gyn\u00e9cologie et p\u00e9rinatalit\u00e9\u00a0\u00bb par G\u00e9raldine Vecoven (Scom)<\/span><\/p>\n<p><span><\/span><\/p>\n<p><span><\/span><\/p>\n<p>[\/et_pb_blurb][et_pb_blurb title=\u00a0\u00bbATM\u00a0\u00bb _builder_version=\u00a0\u00bb4.14.0&Prime; header_level=\u00a0\u00bbh5&Prime; header_font=\u00a0\u00bbRaleway|700|||||||\u00a0\u00bb header_text_align=\u00a0\u00bbcenter\u00a0\u00bb header_font_size=\u00a0\u00bb20px\u00a0\u00bb header_line_height=\u00a0\u00bb1.2em\u00a0\u00bb body_font=\u00a0\u00bb||||||||\u00a0\u00bb body_line_height=\u00a0\u00bb2em\u00a0\u00bb background_color=\u00a0\u00bbrgba(157,165,211,0.25)\u00a0\u00bb custom_margin=\u00a0\u00bb||||false|false\u00a0\u00bb custom_padding=\u00a0\u00bb10px|10px|10px|10px|false|false\u00a0\u00bb hover_enabled=\u00a0\u00bb0&Prime; box_shadow_style=\u00a0\u00bbpreset2&Prime; global_colors_info=\u00a0\u00bb{}\u00a0\u00bb sticky_enabled=\u00a0\u00bb0&Prime;]<\/p>\n<p><span>\u00ab Approche ost\u00e9opathique des dysfonctionnements cr\u00e2nio-mandibulaires \u00bb par P-M Dugailly (Ost\u00e9o-structure Lille)<\/span><\/p>\n<p><span><\/span><\/p>\n<p><span><\/span><\/p>\n<p>[\/et_pb_blurb][\/et_pb_column][\/et_pb_row][\/et_pb_section]<\/p>\n","protected":false},"excerpt":{"rendered":"<p>Formations Patricia Forton Licenci\u00e9e en kin\u00e9sith\u00e9rapie, dipl\u00f4m\u00e9e de l\u2019UCL en p\u00e9rin\u00e9ologie, form\u00e9e en r\u00e9\u00e9ducation posturo-globale et sans cesse \u00e0 la recherche d\u2019am\u00e9liorer les traitements apport\u00e9s \u00e0 mes patients c\u2019est naturellement vers l\u2019ost\u00e9opathie que je me suis ainsi tourn\u00e9e. Ost\u00e9opathe D.O et convaincue que notre corps forme une entit\u00e9 indissociable, j\u2019utiliserai des techniques vari\u00e9es qu\u2019elles soient [&hellip;]<\/p>\n","protected":false},"author":1,"featured_media":0,"parent":0,"menu_order":0,"comment_status":"closed","ping_status":"closed","template":"","meta":{"_et_pb_use_builder":"on","_et_pb_old_content":"","_et_gb_content_width":"","footnotes":""},"class_list":["post-126","page","type-page","status-publish","hentry"],"_links":{"self":[{"href":"https:\/\/patricia-forton.be\/index.php?rest_route=\/wp\/v2\/pages\/126","targetHints":{"allow":["GET"]}}],"collection":[{"href":"https:\/\/patricia-forton.be\/index.php?rest_route=\/wp\/v2\/pages"}],"about":[{"href":"https:\/\/patricia-forton.be\/index.php?rest_route=\/wp\/v2\/types\/page"}],"author":[{"embeddable":true,"href":"https:\/\/patricia-forton.be\/index.php?rest_route=\/wp\/v2\/users\/1"}],"replies":[{"embeddable":true,"href":"https:\/\/patricia-forton.be\/index.php?rest_route=%2Fwp%2Fv2%2Fcomments&post=126"}],"version-history":[{"count":15,"href":"https:\/\/patricia-forton.be\/index.php?rest_route=\/wp\/v2\/pages\/126\/revisions"}],"predecessor-version":[{"id":568,"href":"https:\/\/patricia-forton.be\/index.php?rest_route=\/wp\/v2\/pages\/126\/revisions\/568"}],"wp:attachment":[{"href":"https:\/\/patricia-forton.be\/index.php?rest_route=%2Fwp%2Fv2%2Fmedia&parent=126"}],"curies":[{"name":"wp","href":"https:\/\/api.w.org\/{rel}","templated":true}]}}