{"id":300,"date":"2020-05-02T19:17:28","date_gmt":"2020-05-02T19:17:28","guid":{"rendered":"https:\/\/kiroma.be\/?page_id=300"},"modified":"2020-05-03T19:01:03","modified_gmt":"2020-05-03T19:01:03","slug":"osteopathie-generale-4","status":"publish","type":"page","link":"https:\/\/patricia-forton.be\/?page_id=300","title":{"rendered":"Ost\u00e9opathie enfant\/ado"},"content":{"rendered":"<p>[et_pb_section fb_built=\u00a0\u00bb1&Prime; admin_label=\u00a0\u00bbHeader\u00a0\u00bb _builder_version=\u00a0\u00bb4.4.5&Prime; use_background_color_gradient=\u00a0\u00bbon\u00a0\u00bb background_color_gradient_start=\u00a0\u00bbrgba(255,255,255,0.89)\u00a0\u00bb background_color_gradient_end=\u00a0\u00bbrgba(255,255,255,0)\u00a0\u00bb background_color_gradient_type=\u00a0\u00bbradial\u00a0\u00bb background_color_gradient_direction_radial=\u00a0\u00bbtop left\u00a0\u00bb background_color_gradient_start_position=\u00a0\u00bb30%\u00a0\u00bb background_color_gradient_end_position=\u00a0\u00bb80%\u00a0\u00bb background_color_gradient_overlays_image=\u00a0\u00bbon\u00a0\u00bb background_image=\u00a0\u00bbhttps:\/\/kiroma.be\/wp-content\/uploads\/2020\/05\/kiroma_cabinet-scaled.jpg\u00a0\u00bb custom_margin=\u00a0\u00bb|||\u00a0\u00bb custom_padding=\u00a0\u00bb8vw||8vw||true\u00a0\u00bb][et_pb_row _builder_version=\u00a0\u00bb3.25&Prime;][et_pb_column type=\u00a0\u00bb4_4&Prime; _builder_version=\u00a0\u00bb3.25&Prime; custom_padding=\u00a0\u00bb|||\u00a0\u00bb custom_padding__hover=\u00a0\u00bb|||\u00a0\u00bb][et_pb_text _builder_version=\u00a0\u00bb4.4.5&Prime; text_font=\u00a0\u00bb||||||||\u00a0\u00bb header_font=\u00a0\u00bbRaleway|700|||||||\u00a0\u00bb header_font_size=\u00a0\u00bb80px\u00a0\u00bb header_line_height=\u00a0\u00bb1.2em\u00a0\u00bb header_5_font=\u00a0\u00bbRaleway|700||on|||||\u00a0\u00bb header_5_text_color=\u00a0\u00bb#000000&Prime; header_5_font_size=\u00a0\u00bb20px\u00a0\u00bb header_5_letter_spacing=\u00a0\u00bb0.5em\u00a0\u00bb header_5_line_height=\u00a0\u00bb1.8em\u00a0\u00bb animation_style=\u00a0\u00bbzoom\u00a0\u00bb animation_intensity_zoom=\u00a0\u00bb5%\u00a0\u00bb header_font_size_tablet=\u00a0\u00bb48px\u00a0\u00bb header_font_size_phone=\u00a0\u00bb32px\u00a0\u00bb header_font_size_last_edited=\u00a0\u00bbon|phone\u00a0\u00bb header_5_font_size_tablet=\u00a0\u00bb14px\u00a0\u00bb header_5_font_size_phone=\u00a0\u00bb12px\u00a0\u00bb header_5_font_size_last_edited=\u00a0\u00bbon|desktop\u00a0\u00bb]<\/p>\n<h5><\/h5>\n<h1>Ost\u00e9opathie enfant\/ado<\/h1>\n<p>[\/et_pb_text][\/et_pb_column][\/et_pb_row][\/et_pb_section][et_pb_section fb_built=\u00a0\u00bb1&Prime; admin_label=\u00a0\u00bbAbout\u00a0\u00bb _builder_version=\u00a0\u00bb3.22&Prime; custom_padding=\u00a0\u00bb4px|||||\u00a0\u00bb][et_pb_row column_structure=\u00a0\u00bb3_5,2_5&Prime; custom_padding_last_edited=\u00a0\u00bbon|desktop\u00a0\u00bb _builder_version=\u00a0\u00bb3.25&Prime; custom_padding=\u00a0\u00bb27px|2px|27px|3px|false|false\u00a0\u00bb custom_padding_tablet=\u00a0\u00bb|0px||0px||true\u00a0\u00bb custom_padding_phone=\u00a0\u00bb\u00a0\u00bb][et_pb_column type=\u00a0\u00bb3_5&Prime; _builder_version=\u00a0\u00bb3.25&Prime; custom_padding=\u00a0\u00bb|||\u00a0\u00bb custom_padding__hover=\u00a0\u00bb|||\u00a0\u00bb][et_pb_text _builder_version=\u00a0\u00bb4.4.5&Prime; custom_padding=\u00a0\u00bb42px|||||\u00a0\u00bb]<\/p>\n<p><span>On me demande souvent quand venir consulter pour son enfant. Je n\u2019ai pas de r\u00e9ponse type, on pourrait se dire que pr\u00e9ventivement une fois par an \u00e7a pourrait \u00eatre int\u00e9ressant mais voici les situations qui pourraient cliniquement le justifier\u00a0:<\/span><\/p>\n<p>[\/et_pb_text][et_pb_text _builder_version=\u00a0\u00bb4.4.5&Prime; custom_margin=\u00a0\u00bb|||30px|false|false\u00a0\u00bb custom_padding=\u00a0\u00bb0px|||||\u00a0\u00bb]<\/p>\n<ul>\n<li><span>Apr\u00e8s une grosse chute, sur le dos, sur la t\u00eate, avec de la vitesse (v\u00e9lo, ski, snowboard,\u2026). L\u2019exp\u00e9rience me pousse \u00e0 croire qu\u2019une chute d\u2019un trampoline n\u2019est jamais anodine et m\u00e9riterait un check tr\u00e8s souvent.<\/span><\/li>\n<li><span>Lors de la mise en place d\u2019un appareil dentaire, des tensions musculaires dues \u00e0 une adaptation peuvent aussi survenir.<\/span><\/li>\n<li><span>La pratique\u00a0plus intensive d\u2019un sport, je pense entre autres \u00e0 la gym, \u00e0, la danse, aux sports de combat mais aussi le football ou le hockey\u2026 surtout au niveau de l\u2019adolescence.<\/span><\/li>\n<li><span>Si on remarque des troubles de l\u2019attention, de la concentration, des difficult\u00e9s \u00e0 s\u2019endormir<\/span><\/li>\n<li><span>Apr\u00e8s une p\u00e9riode o\u00f9 le stress a pris le dessus, en fonction de chaque enfant cela peut \u00eatre diff\u00e9remment g\u00e9r\u00e9.<\/span><\/li>\n<\/ul>\n<p>[\/et_pb_text][\/et_pb_column][et_pb_column type=\u00a0\u00bb2_5&Prime; _builder_version=\u00a0\u00bb3.25&Prime; custom_padding=\u00a0\u00bb|||\u00a0\u00bb custom_padding__hover=\u00a0\u00bb|||\u00a0\u00bb][et_pb_image src=\u00a0\u00bbhttps:\/\/kiroma.be\/wp-content\/uploads\/2020\/05\/iStock-856931020.jpg\u00a0\u00bb title_text=\u00a0\u00bbiStock-856931020&Prime; _builder_version=\u00a0\u00bb4.4.5&Prime; border_radii=\u00a0\u00bbon|100%|100%|100%|100%\u00a0\u00bb][\/et_pb_image][\/et_pb_column][\/et_pb_row][et_pb_row _builder_version=\u00a0\u00bb4.4.5&Prime;][et_pb_column type=\u00a0\u00bb4_4&Prime; _builder_version=\u00a0\u00bb4.4.5&Prime;][et_pb_text _builder_version=\u00a0\u00bb4.4.5&Prime; custom_padding=\u00a0\u00bb|||30px|false|false\u00a0\u00bb]<\/p>\n<p><span>On peut aussi rencontrer les enfants pour des sympt\u00f4mes retrouv\u00e9s en ost\u00e9opathie g\u00e9n\u00e9rale mais les techniques seront toujours adapt\u00e9es \u00e0 leur \u00e2ge ! <\/span><\/p>\n<p><span>N\u2019h\u00e9sitez jamais \u00e0 me contacter pour en discuter et nous verrons ensemble comment aider au mieux vos kids.<\/span><\/p>\n<p>[\/et_pb_text][et_pb_button button_url=\u00a0\u00bbhttps:\/\/www.app.oxteo.com:444\/reservation.html\/#\/login\/61B9964B-0098-4790-9602-4BAF6C6616C6&Prime; url_new_window=\u00a0\u00bbon\u00a0\u00bb button_text=\u00a0\u00bbPrendre rendez-vous\u00a0\u00bb button_alignment=\u00a0\u00bbcenter\u00a0\u00bb _builder_version=\u00a0\u00bb4.4.5&Prime; custom_button=\u00a0\u00bbon\u00a0\u00bb button_text_color=\u00a0\u00bb#ffffff\u00a0\u00bb button_bg_color=\u00a0\u00bb#b2b9c4&Prime; button_border_width=\u00a0\u00bb10px\u00a0\u00bb button_border_color=\u00a0\u00bbrgba(0,0,0,0)\u00a0\u00bb button_border_radius=\u00a0\u00bb0px\u00a0\u00bb button_font=\u00a0\u00bbRaleway|700|||||||\u00a0\u00bb custom_margin=\u00a0\u00bb0px||0px||false|false\u00a0\u00bb custom_padding=\u00a0\u00bb||||true|false\u00a0\u00bb button_border_radius__hover=\u00a0\u00bb0px\u00a0\u00bb button_border_radius__hover_enabled=\u00a0\u00bbon\u00a0\u00bb][\/et_pb_button][\/et_pb_column][\/et_pb_row][\/et_pb_section]<\/p>\n","protected":false},"excerpt":{"rendered":"<p>Ost\u00e9opathie enfant\/adoOn me demande souvent quand venir consulter pour son enfant. Je n\u2019ai pas de r\u00e9ponse type, on pourrait se dire que pr\u00e9ventivement une fois par an \u00e7a pourrait \u00eatre int\u00e9ressant mais voici les situations qui pourraient cliniquement le justifier\u00a0: Apr\u00e8s une grosse chute, sur le dos, sur la t\u00eate, avec de la vitesse (v\u00e9lo, [&hellip;]<\/p>\n","protected":false},"author":1,"featured_media":0,"parent":0,"menu_order":0,"comment_status":"closed","ping_status":"closed","template":"","meta":{"_et_pb_use_builder":"on","_et_pb_old_content":"","_et_gb_content_width":"","footnotes":""},"class_list":["post-300","page","type-page","status-publish","hentry"],"_links":{"self":[{"href":"https:\/\/patricia-forton.be\/index.php?rest_route=\/wp\/v2\/pages\/300","targetHints":{"allow":["GET"]}}],"collection":[{"href":"https:\/\/patricia-forton.be\/index.php?rest_route=\/wp\/v2\/pages"}],"about":[{"href":"https:\/\/patricia-forton.be\/index.php?rest_route=\/wp\/v2\/types\/page"}],"author":[{"embeddable":true,"href":"https:\/\/patricia-forton.be\/index.php?rest_route=\/wp\/v2\/users\/1"}],"replies":[{"embeddable":true,"href":"https:\/\/patricia-forton.be\/index.php?rest_route=%2Fwp%2Fv2%2Fcomments&post=300"}],"version-history":[{"count":6,"href":"https:\/\/patricia-forton.be\/index.php?rest_route=\/wp\/v2\/pages\/300\/revisions"}],"predecessor-version":[{"id":376,"href":"https:\/\/patricia-forton.be\/index.php?rest_route=\/wp\/v2\/pages\/300\/revisions\/376"}],"wp:attachment":[{"href":"https:\/\/patricia-forton.be\/index.php?rest_route=%2Fwp%2Fv2%2Fmedia&parent=300"}],"curies":[{"name":"wp","href":"https:\/\/api.w.org\/{rel}","templated":true}]}}