{"id":308,"date":"2020-05-02T19:29:39","date_gmt":"2020-05-02T19:29:39","guid":{"rendered":"https:\/\/kiroma.be\/?page_id=308"},"modified":"2020-05-03T13:00:54","modified_gmt":"2020-05-03T13:00:54","slug":"osteopathie-generale-5","status":"publish","type":"page","link":"https:\/\/patricia-forton.be\/?page_id=308","title":{"rendered":"Ost\u00e9opathie p\u00e9diatrique (nourrisson)"},"content":{"rendered":"<p>[et_pb_section fb_built=\u00a0\u00bb1&Prime; admin_label=\u00a0\u00bbHeader\u00a0\u00bb _builder_version=\u00a0\u00bb4.4.5&Prime; use_background_color_gradient=\u00a0\u00bbon\u00a0\u00bb background_color_gradient_start=\u00a0\u00bbrgba(255,255,255,0.89)\u00a0\u00bb background_color_gradient_end=\u00a0\u00bbrgba(255,255,255,0)\u00a0\u00bb background_color_gradient_type=\u00a0\u00bbradial\u00a0\u00bb background_color_gradient_direction_radial=\u00a0\u00bbtop left\u00a0\u00bb background_color_gradient_start_position=\u00a0\u00bb30%\u00a0\u00bb background_color_gradient_end_position=\u00a0\u00bb80%\u00a0\u00bb background_color_gradient_overlays_image=\u00a0\u00bbon\u00a0\u00bb background_image=\u00a0\u00bbhttps:\/\/kiroma.be\/wp-content\/uploads\/2020\/05\/kiroma_cabinet-scaled.jpg\u00a0\u00bb custom_margin=\u00a0\u00bb|||\u00a0\u00bb custom_padding=\u00a0\u00bb8vw||8vw||true\u00a0\u00bb][et_pb_row _builder_version=\u00a0\u00bb3.25&Prime; min_height=\u00a0\u00bb219px\u00a0\u00bb custom_padding=\u00a0\u00bb0px||0px|||\u00a0\u00bb][et_pb_column type=\u00a0\u00bb4_4&Prime; _builder_version=\u00a0\u00bb3.25&Prime; custom_padding=\u00a0\u00bb|||\u00a0\u00bb custom_padding__hover=\u00a0\u00bb|||\u00a0\u00bb][et_pb_text _builder_version=\u00a0\u00bb4.4.5&Prime; text_font=\u00a0\u00bb||||||||\u00a0\u00bb header_font=\u00a0\u00bbRaleway|700|||||||\u00a0\u00bb header_font_size=\u00a0\u00bb80px\u00a0\u00bb header_line_height=\u00a0\u00bb1.2em\u00a0\u00bb header_5_font=\u00a0\u00bbRaleway|700||on|||||\u00a0\u00bb header_5_text_color=\u00a0\u00bb#000000&Prime; header_5_font_size=\u00a0\u00bb20px\u00a0\u00bb header_5_letter_spacing=\u00a0\u00bb0.5em\u00a0\u00bb header_5_line_height=\u00a0\u00bb1.8em\u00a0\u00bb animation_style=\u00a0\u00bbzoom\u00a0\u00bb animation_intensity_zoom=\u00a0\u00bb5%\u00a0\u00bb header_font_size_tablet=\u00a0\u00bb48px\u00a0\u00bb header_font_size_phone=\u00a0\u00bb32px\u00a0\u00bb header_font_size_last_edited=\u00a0\u00bbon|phone\u00a0\u00bb header_5_font_size_tablet=\u00a0\u00bb14px\u00a0\u00bb header_5_font_size_phone=\u00a0\u00bb12px\u00a0\u00bb header_5_font_size_last_edited=\u00a0\u00bbon|desktop\u00a0\u00bb]<\/p>\n<h5><\/h5>\n<h1>Ost\u00e9opathie<\/h1>\n<h1>p\u00e9diatrique (nourrisson)<\/h1>\n<p>&nbsp;<\/p>\n<p>[\/et_pb_text][\/et_pb_column][\/et_pb_row][\/et_pb_section][et_pb_section fb_built=\u00a0\u00bb1&Prime; admin_label=\u00a0\u00bbAbout\u00a0\u00bb _builder_version=\u00a0\u00bb3.22&Prime; custom_padding=\u00a0\u00bb4px|||||\u00a0\u00bb][et_pb_row column_structure=\u00a0\u00bb3_5,2_5&Prime; custom_padding_last_edited=\u00a0\u00bbon|desktop\u00a0\u00bb _builder_version=\u00a0\u00bb3.25&Prime; custom_padding=\u00a0\u00bb27px|2px|27px|3px|false|false\u00a0\u00bb custom_padding_tablet=\u00a0\u00bb|0px||0px||true\u00a0\u00bb custom_padding_phone=\u00a0\u00bb\u00a0\u00bb][et_pb_column type=\u00a0\u00bb3_5&Prime; _builder_version=\u00a0\u00bb3.25&Prime; custom_padding=\u00a0\u00bb|||\u00a0\u00bb custom_padding__hover=\u00a0\u00bb|||\u00a0\u00bb][et_pb_text _builder_version=\u00a0\u00bb4.4.5&Prime; custom_padding=\u00a0\u00bb42px|||||\u00a0\u00bb]<\/p>\n<p><span>La grossesse et l\u2019accouchement, ainsi que leurs circonstances, sont d\u00e9j\u00e0 des \u00e9tapes incroyables pour les b\u00e9b\u00e9s.<\/span><\/p>\n<p><span>Il peut \u00eatre n\u00e9cessaire de consulter un ost\u00e9opathe mais c\u2019est aussi un moment que l\u2019on peut envisager pour faire le point.<\/span><\/p>\n<p><span>Les n\u00e9cessit\u00e9s de se mettre en contact avec un ost\u00e9opathe peuvent \u00eatre\u00a0:<\/span><\/p>\n<p>[\/et_pb_text][et_pb_text _builder_version=\u00a0\u00bb4.4.5&Prime; custom_margin=\u00a0\u00bb|||30px|false|false\u00a0\u00bb]<\/p>\n<ul>\n<li><span>Une grossesse difficile avec des contractions pr\u00e9coces, un alitement prolong\u00e9, ou une grossesse multiple.<\/span><\/li>\n<li><span>Un accouchement par voie basse trop rapide ou trop lent (un travail de moins de 2 heures ou plus de 15 heures)<\/span><\/li>\n<li><span>Un accouchement par c\u00e9sarienne<\/span><\/li>\n<li><span>L\u2019utilisation d\u2019instruments d\u2019aide \u00e0 la naissance\u00a0: forceps, ventouse<\/span><\/li>\n<li><span>Un diagnostic m\u00e9dical de torticolis<\/span><\/li>\n<li><span>L\u2019apparition d\u2019un plat au niveau de la t\u00eate de votre b\u00e9b\u00e9 (\u00e0 prendre en consid\u00e9ration le plus pr\u00e9cocement possible)\u00a0: plagioc\u00e9phalie, brachyc\u00e9phalie<\/span><\/li>\n<\/ul>\n<p>[\/et_pb_text][\/et_pb_column][et_pb_column type=\u00a0\u00bb2_5&Prime; _builder_version=\u00a0\u00bb3.25&Prime; custom_padding=\u00a0\u00bb|||\u00a0\u00bb custom_padding__hover=\u00a0\u00bb|||\u00a0\u00bb][et_pb_image src=\u00a0\u00bbhttps:\/\/kiroma.be\/wp-content\/uploads\/2020\/05\/iStock-1047437406.jpg\u00a0\u00bb title_text=\u00a0\u00bbiStock-1047437406&Prime; _builder_version=\u00a0\u00bb4.4.5&Prime; border_radii=\u00a0\u00bbon|100%|100%|100%|100%\u00a0\u00bb][\/et_pb_image][\/et_pb_column][\/et_pb_row][et_pb_row column_structure=\u00a0\u00bb3_4,1_4&Prime; _builder_version=\u00a0\u00bb4.4.5&Prime;][et_pb_column type=\u00a0\u00bb3_4&Prime; _builder_version=\u00a0\u00bb4.4.5&Prime;][et_pb_text _builder_version=\u00a0\u00bb4.4.5&Prime;]<\/p>\n<p><span>L\u2019ost\u00e9opathie peut aussi aider votre nourrisson \u00e0 d\u2019autres niveaux\u00a0:<\/span><\/p>\n<p>[\/et_pb_text][et_pb_text _builder_version=\u00a0\u00bb4.4.5&Prime; custom_padding=\u00a0\u00bb|||30px|false|false\u00a0\u00bb]<\/p>\n<ul>\n<li><span>Probl\u00e8me de succion, d\u2019ouverture de la bouche jusqu\u2019\u00e0 occasionner des crevasses au sein de la maman<\/span><\/li>\n<li><span>Reflux gastro-oesophagien (bien que physiologique)<\/span><\/li>\n<li><span>Constipation<\/span><\/li>\n<li><span>Attitude pr\u00e9f\u00e9rentielle de la t\u00eate, posture de confort du corps<\/span><\/li>\n<li><span>Canal lacrymal bouch\u00e9<\/span><\/li>\n<li><span>Pleurs excessifs (plus de 3 heures par jour), nervosit\u00e9<\/span><\/li>\n<li><span>Troubles du sommeil<\/span><\/li>\n<\/ul>\n<p>[\/et_pb_text][\/et_pb_column][et_pb_column type=\u00a0\u00bb1_4&Prime; _builder_version=\u00a0\u00bb4.4.5&Prime;][\/et_pb_column][\/et_pb_row][et_pb_row _builder_version=\u00a0\u00bb4.4.5&Prime;][et_pb_column type=\u00a0\u00bb4_4&Prime; _builder_version=\u00a0\u00bb4.4.5&Prime;][et_pb_text _builder_version=\u00a0\u00bb4.4.5&Prime;]<\/p>\n<p><span>Les sages-femmes et p\u00e9diatres peuvent aussi vous conseiller de prendre contact avec un ost\u00e9opathe lors de leurs consultations. Nous travaillerons alors en \u00e9troite collaboration.<\/span><\/p>\n<p><span>Apr\u00e8s la premi\u00e8re consultation, si tout va bien, on se reverra au moment du maintien de la position assise de votre b\u00e9b\u00e9 et ensuite au d\u00e9but de sa marche.<\/span><\/p>\n<p><span>Dans le cas de torticolis ou plagioc\u00e9phalie, un suivi tr\u00e8s attentif et soutenu sera envisag\u00e9 durant la premi\u00e8re ann\u00e9e.<\/span><\/p>\n<p><span>N\u2019h\u00e9sitez jamais \u00e0 me contacter pour en discuter et nous verrons ensemble comment vous aider au mieux mais d\u2019ores et d\u00e9j\u00e0\u00a0: bienvenue\u00a0!<\/span><\/p>\n<p>[\/et_pb_text][et_pb_button button_url=\u00a0\u00bbhttps:\/\/www.app.oxteo.com:444\/reservation.html\/#\/login\/61B9964B-0098-4790-9602-4BAF6C6616C6&Prime; url_new_window=\u00a0\u00bbon\u00a0\u00bb button_text=\u00a0\u00bbPrendre rendez-vous\u00a0\u00bb button_alignment=\u00a0\u00bbcenter\u00a0\u00bb _builder_version=\u00a0\u00bb4.4.5&Prime; custom_button=\u00a0\u00bbon\u00a0\u00bb button_text_color=\u00a0\u00bb#ffffff\u00a0\u00bb button_bg_color=\u00a0\u00bb#b2b9c4&Prime; button_border_width=\u00a0\u00bb10px\u00a0\u00bb button_border_color=\u00a0\u00bbrgba(0,0,0,0)\u00a0\u00bb button_border_radius=\u00a0\u00bb0px\u00a0\u00bb button_font=\u00a0\u00bbRaleway|700|||||||\u00a0\u00bb custom_margin=\u00a0\u00bb0px||0px||false|false\u00a0\u00bb custom_padding=\u00a0\u00bb||||true|false\u00a0\u00bb button_border_radius__hover=\u00a0\u00bb0px\u00a0\u00bb button_border_radius__hover_enabled=\u00a0\u00bbon\u00a0\u00bb][\/et_pb_button][\/et_pb_column][\/et_pb_row][\/et_pb_section]<\/p>\n","protected":false},"excerpt":{"rendered":"<p>Ost\u00e9opathie p\u00e9diatrique (nourrisson) &nbsp;La grossesse et l\u2019accouchement, ainsi que leurs circonstances, sont d\u00e9j\u00e0 des \u00e9tapes incroyables pour les b\u00e9b\u00e9s. Il peut \u00eatre n\u00e9cessaire de consulter un ost\u00e9opathe mais c\u2019est aussi un moment que l\u2019on peut envisager pour faire le point. Les n\u00e9cessit\u00e9s de se mettre en contact avec un ost\u00e9opathe peuvent \u00eatre\u00a0: Une grossesse difficile [&hellip;]<\/p>\n","protected":false},"author":1,"featured_media":0,"parent":0,"menu_order":0,"comment_status":"closed","ping_status":"closed","template":"","meta":{"_et_pb_use_builder":"on","_et_pb_old_content":"","_et_gb_content_width":"","footnotes":""},"class_list":["post-308","page","type-page","status-publish","hentry"],"_links":{"self":[{"href":"https:\/\/patricia-forton.be\/index.php?rest_route=\/wp\/v2\/pages\/308","targetHints":{"allow":["GET"]}}],"collection":[{"href":"https:\/\/patricia-forton.be\/index.php?rest_route=\/wp\/v2\/pages"}],"about":[{"href":"https:\/\/patricia-forton.be\/index.php?rest_route=\/wp\/v2\/types\/page"}],"author":[{"embeddable":true,"href":"https:\/\/patricia-forton.be\/index.php?rest_route=\/wp\/v2\/users\/1"}],"replies":[{"embeddable":true,"href":"https:\/\/patricia-forton.be\/index.php?rest_route=%2Fwp%2Fv2%2Fcomments&post=308"}],"version-history":[{"count":4,"href":"https:\/\/patricia-forton.be\/index.php?rest_route=\/wp\/v2\/pages\/308\/revisions"}],"predecessor-version":[{"id":373,"href":"https:\/\/patricia-forton.be\/index.php?rest_route=\/wp\/v2\/pages\/308\/revisions\/373"}],"wp:attachment":[{"href":"https:\/\/patricia-forton.be\/index.php?rest_route=%2Fwp%2Fv2%2Fmedia&parent=308"}],"curies":[{"name":"wp","href":"https:\/\/api.w.org\/{rel}","templated":true}]}}